{"id":1122,"date":"2023-11-18T21:54:48","date_gmt":"2023-11-18T21:54:48","guid":{"rendered":"https:\/\/jobbpunkten.webgiant.se\/?page_id=1122"},"modified":"2023-11-19T12:05:07","modified_gmt":"2023-11-19T12:05:07","slug":"utbildning","status":"publish","type":"page","link":"https:\/\/jobbpunkten.webgiant.se\/?page_id=1122","title":{"rendered":"Utbildning"},"content":{"rendered":"<h1>Jobbpunkten<\/h1>\n<h1>Anpassad efter dina behov<\/h1>\n<div>\n<h4>Hos oss \u00e4r utbildningen individanpassad d\u00e4r du kan kombinera dina studier med exempelvis arbete, praktik eller annat. V\u00e5ra l\u00e4rare ger dig en egen studieplan med tydliga m\u00e5l som ni tillsammans s\u00e4tter upp, dessa m\u00e5l f\u00f6ljs kontinuerligt upp och revideras. Vi anpassar utbildningen efter dig och dina behov!<\/h4>\n<h4>Hos oss p\u00e5 Jobbpunkten har du \u00e4ven m\u00f6jlighet att tr\u00e4ffa v\u00e5r studie- och yrkesv\u00e4gledare samt v\u00e5ra arbetsmarknadskonsulter f\u00f6r v\u00e4gledning, CV-skrivning samt andra nyttiga tips f\u00f6r dig som \u00e4ven vill s\u00f6ka jobb.<\/h4>\n<\/div>\n<p>\n    <a href=\"#\">Vuxenutbildning Helsingborg<\/a>\n<\/p>\n<div>\n<p>SFI &amp; SAS \u2013 Utbildning f\u00f6r dig som vill l\u00e4ra dig svenska! V\u00e4lkommen att studera hos oss i Helsingborg.<\/p>\n<\/div>\n<p><!--more--><br \/>\n<!-- {\"type\":\"layout\",\"children\":[{\"name\":\"Hero\",\"type\":\"section\",\"props\":{\"animation\":\"slide-left-medium\",\"animation_delay\":false,\"image\":\"wp-content\\\/uploads\\\/2023\\\/11\\\/AdobeStock_244402066-1-1.jpeg\",\"image_loading\":false,\"image_position\":\"top-center\",\"image_width\":\"2500\",\"media_overlay\":\"rgba(0, 0, 0, 0.37)\",\"padding_remove_top\":true,\"style\":\"primary\",\"title_breakpoint\":\"xl\",\"title_position\":\"top-left\",\"title_rotation\":\"left\",\"vertical_align\":\"middle\",\"width\":\"\"},\"children\":[{\"type\":\"row\",\"props\":{\"column_gap\":\"large\",\"height\":\"percent\",\"row_gap\":\"large\",\"vertical_align\":true},\"children\":[{\"type\":\"column\",\"props\":{\"image_position\":\"center-center\",\"position_sticky_breakpoint\":\"m\",\"vertical_align\":\"middle\"},\"children\":[{\"type\":\"headline\",\"props\":{\"content\":\"Jobbpunkten\",\"text_align\":\"center\",\"title_element\":\"h1\",\"title_style\":\"heading-small\"}},{\"type\":\"headline\",\"props\":{\"content\":\"Anpassad efter dina behov\",\"text_align\":\"center\",\"title_element\":\"h1\",\"title_style\":\"heading-small\"}},{\"type\":\"text\",\"props\":{\"block_align\":\"center\",\"column_breakpoint\":\"m\",\"content\":\"\n\n<h4>Hos oss \\u00e4r utbildningen individanpassad d\\u00e4r du kan kombinera dina studier med exempelvis arbete, praktik eller annat. V\\u00e5ra l\\u00e4rare ger dig en egen studieplan med tydliga m\\u00e5l som ni tillsammans s\\u00e4tter upp, dessa m\\u00e5l f\\u00f6ljs kontinuerligt upp och revideras. Vi anpassar utbildningen efter dig och dina behov!<\\\/h4>\\n\n\n<h4>Hos oss p\\u00e5 Jobbpunkten har du \\u00e4ven m\\u00f6jlighet att tr\\u00e4ffa v\\u00e5r studie- och yrkesv\\u00e4gledare samt v\\u00e5ra arbetsmarknadskonsulter f\\u00f6r v\\u00e4gledning, CV-skrivning samt andra nyttiga tips f\\u00f6r dig som \\u00e4ven vill s\\u00f6ka jobb.<\\\/h4>\",\"margin\":\"default\",\"maxwidth\":\"xlarge\",\"text_align\":\"center\",\"text_color\":\"danger\"}},{\"type\":\"button\",\"props\":{\"grid_column_gap\":\"small\",\"grid_row_gap\":\"small\",\"margin\":\"default\",\"text_align\":\"center\"},\"children\":[{\"type\":\"button_item\",\"props\":{\"button_style\":\"primary\",\"content\":\"Vuxenutbildning Helsingborg\",\"icon_align\":\"left\",\"link\":\"#\"}}]},{\"type\":\"text\",\"props\":{\"block_align\":\"center\",\"column_breakpoint\":\"m\",\"content\":\"\n\n<p>SFI &amp; SAS \\u2013 Utbildning f\\u00f6r dig som vill l\\u00e4ra dig svenska! V\\u00e4lkommen att studera hos oss i Helsingborg.<\\\/p>\",\"margin\":\"default\",\"maxwidth\":\"xlarge\",\"text_align\":\"center\",\"text_color\":\"primary\",\"text_style\":\"large\"}}]}]}]}],\"version\":\"4.2.6\"} --><\/p>\n","protected":false},"excerpt":{"rendered":"<p>Jobbpunkten Anpassad efter dina behov Hos oss \u00e4r utbildningen individanpassad d\u00e4r du kan kombinera dina studier med exempelvis arbete, praktik eller annat. V\u00e5ra l\u00e4rare ger dig en egen studieplan med tydliga m\u00e5l som ni tillsammans s\u00e4tter upp, dessa m\u00e5l f\u00f6ljs kontinuerligt upp och revideras. Vi anpassar utbildningen efter dig och dina behov! Hos oss p\u00e5 [&hellip;]<\/p>\n","protected":false},"author":1,"featured_media":0,"parent":0,"menu_order":0,"comment_status":"closed","ping_status":"closed","template":"","meta":{"footnotes":""},"class_list":["post-1122","page","type-page","status-publish","hentry"],"acf":[],"_links":{"self":[{"href":"https:\/\/jobbpunkten.webgiant.se\/index.php?rest_route=\/wp\/v2\/pages\/1122","targetHints":{"allow":["GET"]}}],"collection":[{"href":"https:\/\/jobbpunkten.webgiant.se\/index.php?rest_route=\/wp\/v2\/pages"}],"about":[{"href":"https:\/\/jobbpunkten.webgiant.se\/index.php?rest_route=\/wp\/v2\/types\/page"}],"author":[{"embeddable":true,"href":"https:\/\/jobbpunkten.webgiant.se\/index.php?rest_route=\/wp\/v2\/users\/1"}],"replies":[{"embeddable":true,"href":"https:\/\/jobbpunkten.webgiant.se\/index.php?rest_route=%2Fwp%2Fv2%2Fcomments&post=1122"}],"version-history":[{"count":6,"href":"https:\/\/jobbpunkten.webgiant.se\/index.php?rest_route=\/wp\/v2\/pages\/1122\/revisions"}],"predecessor-version":[{"id":1233,"href":"https:\/\/jobbpunkten.webgiant.se\/index.php?rest_route=\/wp\/v2\/pages\/1122\/revisions\/1233"}],"wp:attachment":[{"href":"https:\/\/jobbpunkten.webgiant.se\/index.php?rest_route=%2Fwp%2Fv2%2Fmedia&parent=1122"}],"curies":[{"name":"wp","href":"https:\/\/api.w.org\/{rel}","templated":true}]}}