{"id":1128,"date":"2023-11-18T21:55:21","date_gmt":"2023-11-18T21:55:21","guid":{"rendered":"https:\/\/jobbpunkten.webgiant.se\/?page_id=1128"},"modified":"2023-11-27T17:18:43","modified_gmt":"2023-11-27T17:18:43","slug":"vara-kontor","status":"publish","type":"page","link":"https:\/\/jobbpunkten.webgiant.se\/?page_id=1128","title":{"rendered":"V\u00e5ra kontor"},"content":{"rendered":"<h1>V\u00e5ra kontor<\/h1>\n<ul>\n<li>\n<h3>Helsingborg<\/h3>\n<div>\n<p>Rusta och Matcha<br \/>KA-Nummer: 10072473<br \/>S\u00f6dergatan 39, 252 25 Helsingborg<\/p>\n<h2>\u00d6ppettider<\/h2>\n<p>M\u00e5n \u2013 Fre 08:00-16:00<br \/>\u00d6ppet Hus \u2013 Ons 10:00 \u2013 12:00<\/p>\n<p>Kontakt<br \/><a href=\"mailto:taleb@jobbpunkten.nu\" target=\"_blank\" rel=\"noopener\">taleb@jobbpunkten.nu<\/a><\/p>\n<\/div>\n<p><a href=\"#\">L\u00e4s mer<\/a><\/p>\n<\/li>\n<li>\n<h3>Lund<\/h3>\n<div>\n<p>Rusta och Matcha<br \/><strong>KA-Nummer:<\/strong><span>\u00a010072457<\/span><br \/><span>Bytaregatan 6, 222 21 Lund<\/span><\/p>\n<h2>\u00d6ppettider<\/h2>\n<p><span>M\u00e5n \u2013 Tor 08:30 \u2013 12:30<\/span><\/p>\n<p>Kontakt<br \/><a href=\"mailto:taleb@jobbpunkten.nu\" target=\"_blank\" rel=\"noopener\">taleb@jobbpunkten.nu<\/a><\/p>\n<\/div>\n<p><a href=\"#\">L\u00e4s mer<\/a><\/p>\n<\/li>\n<li>\n<h3>G\u00f6teborg (Backaplan) <\/h3>\n<div>\n<p>Rusta och Matcha<br \/><strong>KA-Nummer:<\/strong><span>\u00a010072507<\/span><br \/><span>Herkulesgatan 1v, 417 01 G\u00f6teborg<\/span><\/p>\n<h2>\u00d6ppettider<\/h2>\n<p>M\u00e5n \u2013 Fre 08:00-16:00<br \/>\u00d6ppet Hus \u2013 Ons 10:00 \u2013 12:00<\/p>\n<p>Kontakt<br \/><a href=\"mailto:Prescilia@jobbpunkten.nu\" target=\"_blank\" rel=\"noopener\">Prescilia@jobbpunkten.nu<\/a><\/p>\n<\/div>\n<p><a href=\"#\">L\u00e4s mer<\/a><\/p>\n<\/li>\n<\/ul>\n<p><!--more--><br \/>\n<!-- {\"type\":\"layout\",\"children\":[{\"name\":\"Hero\",\"type\":\"section\",\"props\":{\"animation\":\"slide-left-medium\",\"animation_delay\":false,\"image\":\"wp-content\\\/uploads\\\/2023\\\/11\\\/pexels-gustavo-fring-4872016.jpg\",\"image_loading\":false,\"image_position\":\"top-center\",\"image_size\":\"width-1-1\",\"media_overlay\":\"rgba(0, 0, 0, 0.37)\",\"padding_remove_top\":true,\"style\":\"primary\",\"title_breakpoint\":\"xl\",\"title_position\":\"top-left\",\"title_rotation\":\"left\",\"vertical_align\":\"middle\",\"width\":\"\"},\"children\":[{\"type\":\"row\",\"props\":{\"column_gap\":\"large\",\"height\":\"percent\",\"row_gap\":\"large\",\"vertical_align\":true},\"children\":[{\"type\":\"column\",\"props\":{\"image_position\":\"center-center\",\"position_sticky_breakpoint\":\"m\",\"vertical_align\":\"middle\"},\"children\":[{\"type\":\"headline\",\"props\":{\"content\":\"V\\u00e5ra kontor\",\"text_align\":\"center\",\"title_element\":\"h1\",\"title_style\":\"heading-small\"}}]}]}]},{\"type\":\"section\",\"props\":{\"image_position\":\"center-center\",\"style\":\"default\",\"title_breakpoint\":\"xl\",\"title_position\":\"top-left\",\"title_rotation\":\"left\",\"vertical_align\":\"middle\",\"width\":\"default\"},\"children\":[{\"type\":\"row\",\"children\":[{\"type\":\"column\",\"props\":{\"image_position\":\"center-center\",\"position_sticky_breakpoint\":\"m\"},\"children\":[{\"type\":\"grid\",\"props\":{\"content_column_breakpoint\":\"m\",\"filter_align\":\"left\",\"filter_all\":true,\"filter_grid_breakpoint\":\"m\",\"filter_grid_width\":\"auto\",\"filter_position\":\"top\",\"filter_style\":\"tab\",\"grid_default\":\"1\",\"grid_medium\":\"3\",\"icon_width\":80,\"image_align\":\"top\",\"image_grid_breakpoint\":\"m\",\"image_grid_width\":\"1-2\",\"image_svg_color\":\"emphasis\",\"item_animation\":true,\"link_style\":\"default\",\"link_text\":\"L\\u00e4s mer\",\"margin\":\"default\",\"meta_align\":\"below-title\",\"meta_element\":\"div\",\"meta_style\":\"text-meta\",\"panel_padding\":\"small\",\"panel_style\":\"card-secondary\",\"show_content\":true,\"show_image\":true,\"show_link\":true,\"show_meta\":true,\"show_title\":true,\"text_align\":\"center\",\"title_align\":\"top\",\"title_element\":\"h3\",\"title_grid_breakpoint\":\"m\",\"title_grid_width\":\"1-2\",\"title_hover_style\":\"reset\"},\"children\":[{\"type\":\"grid_item\",\"props\":{\"content\":\"\n\n<p>Rusta och Matcha<br \\\/>KA-Nummer: 10072473<br \\\/>S\\u00f6dergatan 39, 252 25 Helsingborg<\\\/p>\\n\n\n<h2>\\u00d6ppettider<\\\/h2>\\n\n\n<p>M\\u00e5n \\u2013 Fre 08:00-16:00<br \\\/>\\u00d6ppet Hus \\u2013 Ons 10:00 \\u2013 12:00<br \\\/><br \\\/>Kontakt<br \\\/><a href=\\\"mailto:taleb@jobbpunkten.nu\\\" target=\\\"_blank\\\" rel=\\\"noopener\\\">taleb@jobbpunkten.nu<\\\/a><\\\/p>\",\"link\":\"#\",\"title\":\"Helsingborg\"}},{\"type\":\"grid_item\",\"props\":{\"content\":\"\n\n<p>Rusta och Matcha<br \\\/><strong>KA-Nummer:<\\\/strong><span>\\u00a010072457<\\\/span><br \\\/><span>Bytaregatan 6, 222 21 Lund<\\\/span><\\\/p>\\n\n\n<h2>\\u00d6ppettider<\\\/h2>\\n\n\n<p><span>M\\u00e5n \\u2013 Tor 08:30 \\u2013 12:30<\\\/span><br \\\/><br \\\/>Kontakt<br \\\/><a href=\\\"mailto:taleb@jobbpunkten.nu\\\" target=\\\"_blank\\\" rel=\\\"noopener\\\">taleb@jobbpunkten.nu<\\\/a><\\\/p>\",\"link\":\"#\",\"title\":\"Lund\"}},{\"type\":\"grid_item\",\"props\":{\"content\":\"\n\n<p>Rusta och Matcha<br \\\/><strong>KA-Nummer:<\\\/strong><span>\\u00a010072507<\\\/span><br \\\/><span>Herkulesgatan 1v, 417 01 G\\u00f6teborg<\\\/span><\\\/p>\\n\n\n<h2>\\u00d6ppettider<\\\/h2>\\n\n\n<p>M\\u00e5n \\u2013 Fre 08:00-16:00<br \\\/>\\u00d6ppet Hus \\u2013 Ons 10:00 \\u2013 12:00<br \\\/><br \\\/>Kontakt<br \\\/><a href=\\\"mailto:Prescilia@jobbpunkten.nu\\\" target=\\\"_blank\\\" rel=\\\"noopener\\\">Prescilia@jobbpunkten.nu<\\\/a><\\\/p>\",\"link\":\"#\",\"title\":\"G\\u00f6teborg (Backaplan) \"}}]}]}]}]}],\"version\":\"4.2.6\"} --><\/p>\n","protected":false},"excerpt":{"rendered":"<p>V\u00e5ra kontor Helsingborg Rusta och MatchaKA-Nummer: 10072473S\u00f6dergatan 39, 252 25 Helsingborg \u00d6ppettider M\u00e5n \u2013 Fre 08:00-16:00\u00d6ppet Hus \u2013 Ons 10:00 \u2013 12:00 Kontakttaleb@jobbpunkten.nu L\u00e4s mer Lund Rusta och MatchaKA-Nummer:\u00a010072457Bytaregatan 6, 222 21 Lund \u00d6ppettider M\u00e5n \u2013 Tor 08:30 \u2013 12:30 Kontakttaleb@jobbpunkten.nu L\u00e4s mer G\u00f6teborg (Backaplan) Rusta och MatchaKA-Nummer:\u00a010072507Herkulesgatan 1v, 417 01 G\u00f6teborg \u00d6ppettider M\u00e5n \u2013 [&hellip;]<\/p>\n","protected":false},"author":1,"featured_media":0,"parent":0,"menu_order":0,"comment_status":"closed","ping_status":"closed","template":"","meta":{"footnotes":""},"class_list":["post-1128","page","type-page","status-publish","hentry"],"acf":[],"_links":{"self":[{"href":"https:\/\/jobbpunkten.webgiant.se\/index.php?rest_route=\/wp\/v2\/pages\/1128","targetHints":{"allow":["GET"]}}],"collection":[{"href":"https:\/\/jobbpunkten.webgiant.se\/index.php?rest_route=\/wp\/v2\/pages"}],"about":[{"href":"https:\/\/jobbpunkten.webgiant.se\/index.php?rest_route=\/wp\/v2\/types\/page"}],"author":[{"embeddable":true,"href":"https:\/\/jobbpunkten.webgiant.se\/index.php?rest_route=\/wp\/v2\/users\/1"}],"replies":[{"embeddable":true,"href":"https:\/\/jobbpunkten.webgiant.se\/index.php?rest_route=%2Fwp%2Fv2%2Fcomments&post=1128"}],"version-history":[{"count":8,"href":"https:\/\/jobbpunkten.webgiant.se\/index.php?rest_route=\/wp\/v2\/pages\/1128\/revisions"}],"predecessor-version":[{"id":1625,"href":"https:\/\/jobbpunkten.webgiant.se\/index.php?rest_route=\/wp\/v2\/pages\/1128\/revisions\/1625"}],"wp:attachment":[{"href":"https:\/\/jobbpunkten.webgiant.se\/index.php?rest_route=%2Fwp%2Fv2%2Fmedia&parent=1128"}],"curies":[{"name":"wp","href":"https:\/\/api.w.org\/{rel}","templated":true}]}}